{"id":7190,"date":"2025-07-30T13:30:09","date_gmt":"2025-07-30T11:30:09","guid":{"rendered":"https:\/\/ateliers-sdp.com\/upec_02_2025\/?page_id=7190"},"modified":"2025-07-30T17:10:26","modified_gmt":"2025-07-30T15:10:26","slug":"contact","status":"publish","type":"page","link":"https:\/\/ateliers-sdp.com\/upec_02_2025\/contact\/","title":{"rendered":"Contact"},"content":{"rendered":"\t\t<div data-elementor-type=\"wp-page\" data-elementor-id=\"7190\" class=\"elementor elementor-7190\">\n\t\t\t\t<div class=\"elementor-element elementor-element-8f9a04a e-flex e-con-boxed wpr-particle-no wpr-jarallax-no wpr-parallax-no wpr-sticky-section-no e-con e-parent\" data-id=\"8f9a04a\" data-element_type=\"container\">\n\t\t\t\t\t<div class=\"e-con-inner\">\n\t\t\t\t<div class=\"elementor-element elementor-element-b58e5b7 elementor-shape-rounded elementor-grid-0 e-grid-align-center elementor-widget elementor-widget-social-icons\" data-id=\"b58e5b7\" data-element_type=\"widget\" data-widget_type=\"social-icons.default\">\n\t\t\t\t<div class=\"elementor-widget-container\">\n\t\t\t\t\t\t\t<div class=\"elementor-social-icons-wrapper elementor-grid\" role=\"list\">\n\t\t\t\t\t\t\t<span class=\"elementor-grid-item\" role=\"listitem\">\n\t\t\t\t\t<a class=\"elementor-icon elementor-social-icon elementor-social-icon-facebook elementor-repeater-item-0ee660a\" target=\"_blank\">\n\t\t\t\t\t\t<span class=\"elementor-screen-only\">Facebook<\/span>\n\t\t\t\t\t\t<svg class=\"e-font-icon-svg e-fab-facebook\" viewBox=\"0 0 512 512\" xmlns=\"http:\/\/www.w3.org\/2000\/svg\"><path d=\"M504 256C504 119 393 8 256 8S8 119 8 256c0 123.78 90.69 226.38 209.25 245V327.69h-63V256h63v-54.64c0-62.15 37-96.48 93.67-96.48 27.14 0 55.52 4.84 55.52 4.84v61h-31.28c-30.8 0-40.41 19.12-40.41 38.73V256h68.78l-11 71.69h-57.78V501C413.31 482.38 504 379.78 504 256z\"><\/path><\/svg>\t\t\t\t\t<\/a>\n\t\t\t\t<\/span>\n\t\t\t\t\t\t\t<span class=\"elementor-grid-item\" role=\"listitem\">\n\t\t\t\t\t<a class=\"elementor-icon elementor-social-icon elementor-social-icon-twitter elementor-repeater-item-461481f\" target=\"_blank\">\n\t\t\t\t\t\t<span class=\"elementor-screen-only\">Twitter<\/span>\n\t\t\t\t\t\t<svg class=\"e-font-icon-svg e-fab-twitter\" viewBox=\"0 0 512 512\" xmlns=\"http:\/\/www.w3.org\/2000\/svg\"><path d=\"M459.37 151.716c.325 4.548.325 9.097.325 13.645 0 138.72-105.583 298.558-298.558 298.558-59.452 0-114.68-17.219-161.137-47.106 8.447.974 16.568 1.299 25.34 1.299 49.055 0 94.213-16.568 130.274-44.832-46.132-.975-84.792-31.188-98.112-72.772 6.498.974 12.995 1.624 19.818 1.624 9.421 0 18.843-1.3 27.614-3.573-48.081-9.747-84.143-51.98-84.143-102.985v-1.299c13.969 7.797 30.214 12.67 47.431 13.319-28.264-18.843-46.781-51.005-46.781-87.391 0-19.492 5.197-37.36 14.294-52.954 51.655 63.675 129.3 105.258 216.365 109.807-1.624-7.797-2.599-15.918-2.599-24.04 0-57.828 46.782-104.934 104.934-104.934 30.213 0 57.502 12.67 76.67 33.137 23.715-4.548 46.456-13.32 66.599-25.34-7.798 24.366-24.366 44.833-46.132 57.827 21.117-2.273 41.584-8.122 60.426-16.243-14.292 20.791-32.161 39.308-52.628 54.253z\"><\/path><\/svg>\t\t\t\t\t<\/a>\n\t\t\t\t<\/span>\n\t\t\t\t\t\t\t<span class=\"elementor-grid-item\" role=\"listitem\">\n\t\t\t\t\t<a class=\"elementor-icon elementor-social-icon elementor-social-icon-youtube elementor-repeater-item-a543184\" target=\"_blank\">\n\t\t\t\t\t\t<span class=\"elementor-screen-only\">Youtube<\/span>\n\t\t\t\t\t\t<svg class=\"e-font-icon-svg e-fab-youtube\" viewBox=\"0 0 576 512\" xmlns=\"http:\/\/www.w3.org\/2000\/svg\"><path d=\"M549.655 124.083c-6.281-23.65-24.787-42.276-48.284-48.597C458.781 64 288 64 288 64S117.22 64 74.629 75.486c-23.497 6.322-42.003 24.947-48.284 48.597-11.412 42.867-11.412 132.305-11.412 132.305s0 89.438 11.412 132.305c6.281 23.65 24.787 41.5 48.284 47.821C117.22 448 288 448 288 448s170.78 0 213.371-11.486c23.497-6.321 42.003-24.171 48.284-47.821 11.412-42.867 11.412-132.305 11.412-132.305s0-89.438-11.412-132.305zm-317.51 213.508V175.185l142.739 81.205-142.739 81.201z\"><\/path><\/svg>\t\t\t\t\t<\/a>\n\t\t\t\t<\/span>\n\t\t\t\t\t<\/div>\n\t\t\t\t\t\t<\/div>\n\t\t\t\t<\/div>\n\t\t\t\t<div class=\"elementor-element elementor-element-9944376 elementor-widget-divider--view-line elementor-widget elementor-widget-divider\" data-id=\"9944376\" data-element_type=\"widget\" data-widget_type=\"divider.default\">\n\t\t\t\t<div class=\"elementor-widget-container\">\n\t\t\t\t\t\t\t<div class=\"elementor-divider\">\n\t\t\t<span class=\"elementor-divider-separator\">\n\t\t\t\t\t\t<\/span>\n\t\t<\/div>\n\t\t\t\t\t\t<\/div>\n\t\t\t\t<\/div>\n\t\t\t\t<div class=\"elementor-element elementor-element-68639ed elementor-invisible elementor-widget elementor-widget-wpzoom-forms-widget-cpt\" data-id=\"68639ed\" data-element_type=\"widget\" data-settings=\"{&quot;_animation&quot;:&quot;bounce&quot;}\" data-widget_type=\"wpzoom-forms-widget-cpt.default\">\n\t\t\t\t<div class=\"elementor-widget-container\">\n\t\t\t\t\t<style>#wpzf-19 + .notice { margin-top: 20px; padding: 15px; border-radius: 4px; }#wpzf-19 + .notice.success { background-color: #e7f7ed; color: #227045; border-left: 4px solid #46b450; }#wpzf-19 + .notice.error { background-color: #fde8e8; color: #8a1f11; border-left: 4px solid #cc0000; }#wpzf-19 + .notice p { margin: 0; }<\/style><!-- ZOOM Forms Start -->\n\t\t\t<form id=\"wpzf-19\" method=\"post\" action=\"https:\/\/ateliers-sdp.com\/upec_02_2025\/wp-admin\/admin-post.php\" class=\"wpzoom-forms_form\">\n\t\t\t<input type=\"hidden\" name=\"action\" value=\"wpzf_submit\" \/>\n\t\t\t<input type=\"hidden\" name=\"form_id\" value=\"19\" \/>\n\t\t\t<input type=\"hidden\" id=\"_wpnonce\" name=\"_wpnonce\" value=\"6e18bb0278\" \/><input type=\"hidden\" name=\"_wp_http_referer\" value=\"\/upec_02_2025\/wp-json\/wp\/v2\/pages\/7190\" \/>\n\t\t\t\n<div class=\"wp-block-wpzoom-forms-form\">\n<label for=\"input_ae87379b\"><span>Name<\/span><sup class=\"wp-block-wpzoom-forms-required\">*<\/sup><\/label><input type=\"text\" name=\"wpzf_input_ae87379b\" id=\"input_ae87379b\" placeholder=\"\" required class=\"wp-block-wpzoom-forms-text-name-field\"\/>\n\n\n\n<label for=\"input_8468ae36\"><span>Email<\/span><sup class=\"wp-block-wpzoom-forms-required\">*<\/sup><\/label><input type=\"email\" name=\"wpzf_input_8468ae36\" id=\"input_8468ae36\" placeholder=\"\" required data-replyto=\"false\" class=\"wp-block-wpzoom-forms-text-email-field\"\/>\n\n\n\n<label for=\"input_85d61063\"><span>Subject<\/span><sup class=\"wp-block-wpzoom-forms-required\">*<\/sup><\/label><input type=\"text\" name=\"wpzf_input_85d61063\" id=\"input_85d61063\" placeholder=\"\" required data-subject=\"true\" class=\"wp-block-wpzoom-forms-text-plain-field\"\/>\n\n\n\n<label for=\"input_d8cf917c\"><span>Message<\/span><\/label><textarea name=\"wpzf_input_d8cf917c\" id=\"input_d8cf917c\" cols=\"55\" rows=\"10\" placeholder=\"\" class=\"wp-block-wpzoom-forms-textarea-field\"><\/textarea>\n\n\n\n<div class=\"wp-block-columns are-vertically-aligned-center\">\n<div class=\"wp-block-column is-vertically-aligned-center\" style=\"flex-basis:30%\">\n<input type=\"submit\" id=\"input_submit\" value=\"Submit\" class=\"wp-block-wpzoom-forms-submit-field\"\/>\n<\/div>\n\n\n\n<div class=\"wp-block-column is-vertically-aligned-center\" style=\"flex-basis:70%\">\n<p class=\"has-text-align-right\" style=\"font-size:16px\">Fields marked with <strong class=\"has-accent-color has-text-color\">*<\/strong> are required.<\/p>\n<\/div>\n<\/div>\n<\/div>\n\n\t\t\t<input type=\"hidden\" name=\"wpzf_subject\" value=\"wpzf_input_85d61063\" \/><\/form>\n\t\t\t\n\t\t\t<!-- ZOOM Forms End -->\t\t\t\t<\/div>\n\t\t\t\t<\/div>\n\t\t\t\t<div class=\"elementor-element elementor-element-997d9bc elementor-widget-divider--view-line elementor-widget elementor-widget-divider\" data-id=\"997d9bc\" data-element_type=\"widget\" data-widget_type=\"divider.default\">\n\t\t\t\t<div class=\"elementor-widget-container\">\n\t\t\t\t\t\t\t<div class=\"elementor-divider\">\n\t\t\t<span class=\"elementor-divider-separator\">\n\t\t\t\t\t\t<\/span>\n\t\t<\/div>\n\t\t\t\t\t\t<\/div>\n\t\t\t\t<\/div>\n\t\t\t\t<div class=\"elementor-element elementor-element-8a7b6f9 elementor-widget elementor-widget-eael-fancy-text\" data-id=\"8a7b6f9\" data-element_type=\"widget\" data-widget_type=\"eael-fancy-text.default\">\n\t\t\t\t<div class=\"elementor-widget-container\">\n\t\t\t\t\t\n\t<div  class=\"eael-fancy-text-container style-1\" data-fancy-text-id=\"8a7b6f9\" data-fancy-text=\"|quand la mar\u00e9e montera|dans l\u2019attente d\u2019une vague|sur une mousse impr\u00e9vue\" data-fancy-text-transition-type=\"typing\" data-fancy-text-speed=\"50\" data-fancy-text-delay=\"2500\" data-fancy-text-cursor=\"yes\" data-fancy-text-loop=\"yes\" data-fancy-text-action=\"page_load\" >\n\t\t\t\t\t<span class=\"eael-fancy-text-prefix\">On se retrouvera <\/span>\n\t\t\n\t\t\n\t\t\t\t\t<span id=\"eael-fancy-text-8a7b6f9\" class=\"eael-fancy-text-strings solid-color\">\n\t\t\t\t<noscript>\n\t\t\t\t\tquand la mar\u00e9e montera, dans l\u2019attente d\u2019une vague, sur une mousse impr\u00e9vue\t\t\t\t<\/noscript>\n\t\t\t<\/span>\n\t\t\n\t\t\t\t\t<span class=\"eael-fancy-text-suffix\"> l\u00e0 o\u00f9 tout recommence.<\/span>\n\t\t\t<\/div><!-- close .eael-fancy-text-container -->\n\n\t<div class=\"clearfix\"><\/div>\n\n\t\t\t\t\t<\/div>\n\t\t\t\t<\/div>\n\t\t\t\t<div class=\"elementor-element elementor-element-30ccd61 elementor-widget elementor-widget-image\" data-id=\"30ccd61\" data-element_type=\"widget\" data-widget_type=\"image.default\">\n\t\t\t\t<div class=\"elementor-widget-container\">\n\t\t\t\t\t\t\t\t\t\t\t\t\t\t\t<img fetchpriority=\"high\" decoding=\"async\" width=\"950\" height=\"713\" src=\"https:\/\/ateliers-sdp.com\/upec_02_2025\/wp-content\/uploads\/2025\/07\/photo-1616449973117-0e1d99c56ed3-1024x768.jpg\" class=\"attachment-large size-large wp-image-7201\" alt=\"\" srcset=\"https:\/\/ateliers-sdp.com\/upec_02_2025\/wp-content\/uploads\/2025\/07\/photo-1616449973117-0e1d99c56ed3-1024x768.jpg 1024w, https:\/\/ateliers-sdp.com\/upec_02_2025\/wp-content\/uploads\/2025\/07\/photo-1616449973117-0e1d99c56ed3-300x225.jpg 300w, https:\/\/ateliers-sdp.com\/upec_02_2025\/wp-content\/uploads\/2025\/07\/photo-1616449973117-0e1d99c56ed3-155x116.jpg 155w, https:\/\/ateliers-sdp.com\/upec_02_2025\/wp-content\/uploads\/2025\/07\/photo-1616449973117-0e1d99c56ed3-1536x1152.jpg 1536w, https:\/\/ateliers-sdp.com\/upec_02_2025\/wp-content\/uploads\/2025\/07\/photo-1616449973117-0e1d99c56ed3-600x450.jpg 600w, https:\/\/ateliers-sdp.com\/upec_02_2025\/wp-content\/uploads\/2025\/07\/photo-1616449973117-0e1d99c56ed3-1200x900.jpg 1200w, https:\/\/ateliers-sdp.com\/upec_02_2025\/wp-content\/uploads\/2025\/07\/photo-1616449973117-0e1d99c56ed3.jpg 1974w\" sizes=\"100vw\" \/>\t\t\t\t\t\t\t\t\t\t\t\t\t\t\t<\/div>\n\t\t\t\t<\/div>\n\t\t\t\t<div class=\"elementor-element elementor-element-93880f8 elementor-widget-divider--view-line elementor-widget elementor-widget-divider\" data-id=\"93880f8\" data-element_type=\"widget\" data-widget_type=\"divider.default\">\n\t\t\t\t<div class=\"elementor-widget-container\">\n\t\t\t\t\t\t\t<div class=\"elementor-divider\">\n\t\t\t<span class=\"elementor-divider-separator\">\n\t\t\t\t\t\t<\/span>\n\t\t<\/div>\n\t\t\t\t\t\t<\/div>\n\t\t\t\t<\/div>\n\t\t\t\t\t<\/div>\n\t\t\t\t<\/div>\n\t\t\t\t<\/div>\n\t\t","protected":false},"excerpt":{"rendered":"<p>Facebook Twitter Youtube On se retrouvera quand la mar\u00e9e montera, dans l\u2019attente d\u2019une vague, sur une mousse impr\u00e9vue l\u00e0 o\u00f9 tout recommence.<\/p>\n","protected":false},"author":1,"featured_media":0,"parent":0,"menu_order":0,"comment_status":"closed","ping_status":"closed","template":"","meta":{"_eb_attr":"","footnotes":""},"class_list":["post-7190","page","type-page","status-publish","hentry"],"featured_media_urls":[],"_links":{"self":[{"href":"https:\/\/ateliers-sdp.com\/upec_02_2025\/wp-json\/wp\/v2\/pages\/7190","targetHints":{"allow":["GET"]}}],"collection":[{"href":"https:\/\/ateliers-sdp.com\/upec_02_2025\/wp-json\/wp\/v2\/pages"}],"about":[{"href":"https:\/\/ateliers-sdp.com\/upec_02_2025\/wp-json\/wp\/v2\/types\/page"}],"author":[{"embeddable":true,"href":"https:\/\/ateliers-sdp.com\/upec_02_2025\/wp-json\/wp\/v2\/users\/1"}],"replies":[{"embeddable":true,"href":"https:\/\/ateliers-sdp.com\/upec_02_2025\/wp-json\/wp\/v2\/comments?post=7190"}],"version-history":[{"count":16,"href":"https:\/\/ateliers-sdp.com\/upec_02_2025\/wp-json\/wp\/v2\/pages\/7190\/revisions"}],"predecessor-version":[{"id":7217,"href":"https:\/\/ateliers-sdp.com\/upec_02_2025\/wp-json\/wp\/v2\/pages\/7190\/revisions\/7217"}],"wp:attachment":[{"href":"https:\/\/ateliers-sdp.com\/upec_02_2025\/wp-json\/wp\/v2\/media?parent=7190"}],"curies":[{"name":"wp","href":"https:\/\/api.w.org\/{rel}","templated":true}]}}