{"id":5574,"date":"2016-12-03T15:44:41","date_gmt":"2016-12-03T15:44:41","guid":{"rendered":"https:\/\/demo.wpzoom.com\/inspiro\/?page_id=5574"},"modified":"2025-08-03T23:34:32","modified_gmt":"2025-08-03T21:34:32","slug":"services","status":"publish","type":"page","link":"https:\/\/ateliers-sdp.com\/upec_04_2025\/services\/","title":{"rendered":"Services"},"content":{"rendered":"\t\t<div data-elementor-type=\"wp-page\" data-elementor-id=\"5574\" class=\"elementor elementor-5574\">\n\t\t\t\t<div class=\"elementor-element elementor-element-389f552 e-flex e-con-boxed wpr-particle-no wpr-jarallax-no wpr-parallax-no wpr-sticky-section-no e-con e-parent\" data-id=\"389f552\" data-element_type=\"container\">\n\t\t\t\t\t<div class=\"e-con-inner\">\n\t\t\t\t<div class=\"elementor-element elementor-element-79f2b8e elementor-widget-divider--view-line elementor-widget elementor-widget-divider\" data-id=\"79f2b8e\" data-element_type=\"widget\" data-widget_type=\"divider.default\">\n\t\t\t\t<div class=\"elementor-widget-container\">\n\t\t\t\t\t\t\t<div class=\"elementor-divider\">\n\t\t\t<span class=\"elementor-divider-separator\">\n\t\t\t\t\t\t<\/span>\n\t\t<\/div>\n\t\t\t\t\t\t<\/div>\n\t\t\t\t<\/div>\n\t\t\t\t\t<\/div>\n\t\t\t\t<\/div>\n\t\t<div class=\"elementor-element elementor-element-cd7f1a9 e-flex e-con-boxed wpr-particle-no wpr-jarallax-no wpr-parallax-no wpr-sticky-section-no e-con e-parent\" data-id=\"cd7f1a9\" data-element_type=\"container\">\n\t\t\t\t\t<div class=\"e-con-inner\">\n\t\t\t\t<div class=\"elementor-element elementor-element-764e931 elementor-widget__width-initial elementor-widget elementor-widget-heading\" data-id=\"764e931\" data-element_type=\"widget\" data-widget_type=\"heading.default\">\n\t\t\t\t<div class=\"elementor-widget-container\">\n\t\t\t\t\t<h2 class=\"elementor-heading-title elementor-size-default\">Bienvenue chez Coffee Place : le caf\u00e9 qui a du pep\u2019s (et du go\u00fbt)<\/h2>\t\t\t\t<\/div>\n\t\t\t\t<\/div>\n\t\t<div class=\"elementor-element elementor-element-5846323 e-con-full e-flex wpr-particle-no wpr-jarallax-no wpr-parallax-no wpr-sticky-section-no e-con e-child\" data-id=\"5846323\" data-element_type=\"container\" data-settings=\"{&quot;background_background&quot;:&quot;classic&quot;}\">\n\t\t\t\t<\/div>\n\t\t\t\t<div class=\"elementor-element elementor-element-7f498a9 elementor-widget elementor-widget-text-editor\" data-id=\"7f498a9\" data-element_type=\"widget\" data-widget_type=\"text-editor.default\">\n\t\t\t\t<div class=\"elementor-widget-container\">\n\t\t\t\t\t\t\t\t\t<p style=\"font-family: Arial, sans-serif;\" data-start=\"288\" data-end=\"541\">Tu connais ce moment o\u00f9 t\u2019as juste besoin d\u2019un break. Pas un truc triste et silencieux. Non. Un vrai moment. Celui qui sent bon le caf\u00e9 chaud, le lait mousseux, le cookie tout juste sorti du four et&#8230; le matcha (oui, on pense aussi \u00e0 toi, l\u2019ami green).<\/p><p style=\"font-family: Arial, sans-serif;\" data-start=\"543\" data-end=\"575\">Bienvenue chez\u00a0<span style=\"font-weight: bolder;\" data-start=\"558\" data-end=\"574\">Coffee Place<\/span>.<\/p><div>\u00a0<\/div>\t\t\t\t\t\t\t\t<\/div>\n\t\t\t\t<\/div>\n\t\t\t\t\t<\/div>\n\t\t\t\t<\/div>\n\t\t<div class=\"elementor-element elementor-element-7a46165 e-flex e-con-boxed wpr-particle-no wpr-jarallax-no wpr-parallax-no wpr-sticky-section-no e-con e-parent\" data-id=\"7a46165\" data-element_type=\"container\">\n\t\t\t\t\t<div class=\"e-con-inner\">\n\t\t\t\t<div class=\"elementor-element elementor-element-58415cf elementor-widget elementor-widget-text-editor\" data-id=\"58415cf\" data-element_type=\"widget\" data-widget_type=\"text-editor.default\">\n\t\t\t\t<div class=\"elementor-widget-container\">\n\t\t\t\t\t\t\t\t\t<p data-start=\"288\" data-end=\"541\">Tu connais ce moment o\u00f9 t\u2019as juste besoin d\u2019un break. Pas un truc triste et silencieux. Non. Un vrai moment. Celui qui sent bon le caf\u00e9 chaud, le lait mousseux, le cookie tout juste sorti du four et&#8230; le matcha (oui, on pense aussi \u00e0 toi, l\u2019ami green).<\/p><p data-start=\"543\" data-end=\"575\">Bienvenue chez <strong data-start=\"558\" data-end=\"574\">Coffee Place<\/strong>.<\/p><h3 data-start=\"577\" data-end=\"638\">Pas juste un caf\u00e9, une bonne raison de faire une pause<\/h3><p data-start=\"640\" data-end=\"710\">Ici, tu ne viens pas juste pour boire un truc chaud.<br data-start=\"692\" data-end=\"695\" \/>Tu viens pour :<\/p><ul><li data-start=\"713\" data-end=\"763\">Papoter vite fait\u2026 puis rester une heure (ou deux)<\/li><li data-start=\"766\" data-end=\"830\">Go\u00fbter \u00e0 nos boissons comme tu ferais un tour du monde sensoriel<\/li><li data-start=\"833\" data-end=\"882\">Retrouver ton \u00e9nergie sans exploser ta bo\u00eete mail<\/li><\/ul><p data-start=\"884\" data-end=\"1089\">Coffee Place, c\u2019est ce petit coin de chaleur dans ta journ\u00e9e.<br data-start=\"945\" data-end=\"948\" \/>Celui o\u00f9 tu retrouves ton go\u00fbt des choses simples et savoureuses.<br data-start=\"1013\" data-end=\"1016\" \/>Et si tu veux bosser ou r\u00e9viser : on a le wifi, les prises, et les vibes.<\/p><h3 data-start=\"1091\" data-end=\"1155\">Du caf\u00e9, du lait, du matcha\u2026 et une explosion de couleurs<\/h3><p data-start=\"1157\" data-end=\"1269\">Tu l\u2019as peut-\u00eatre vu dans nos visuels : on aime les couleurs qui splashent.<br data-start=\"1232\" data-end=\"1235\" \/>C\u2019est un peu comme notre carte :<\/p><ul><li data-start=\"1272\" data-end=\"1326\">Caf\u00e9 intense (court, long, latte, comme tu veux)<\/li><li data-start=\"1329\" data-end=\"1382\">Lait cr\u00e9meux (v\u00e9g\u00e9tal ou vache, on ne juge pas)<\/li><li data-start=\"1385\" data-end=\"1445\">Matcha vibrant (oui, c\u2019est vert, et oui c\u2019est d\u00e9licieux)<\/li><\/ul><p data-start=\"1447\" data-end=\"1570\">Et on a aussi ce truc qu\u2019on ne peut pas vraiment \u00e9crire\u2026<br data-start=\"1503\" data-end=\"1506\" \/>Mais tu le sens quand tu passes la porte : la <strong data-start=\"1552\" data-end=\"1569\">bonne \u00e9nergie<\/strong>.<\/p><h3 data-start=\"1572\" data-end=\"1605\">Et on mange quoi avec \u00e7a ?<\/h3><p data-start=\"1607\" data-end=\"1632\">Pas de caf\u00e9 sans copain :<\/p><ul><li>Cookies moelleux<\/li><li>Muffins dodus<\/li><li>Banana bread (parce que oui)<\/li><li data-start=\"1701\" data-end=\"1745\">Et quelques surprises selon l\u2019humeur du jour<\/li><\/ul><p data-start=\"1747\" data-end=\"1817\">Tout est fait maison, toujours avec amour (\u00e7a c\u2019est s\u00fbr).<\/p><h3 data-start=\"1819\" data-end=\"1869\">Viens comme t\u2019es. Et reviens comme tu veux.<\/h3><p data-start=\"1871\" data-end=\"2018\">Que tu sois matinal ou plut\u00f4t team \u201capr\u00e8s-midi prolong\u00e9e\u201d,<br data-start=\"1929\" data-end=\"1932\" \/>que tu bosses, chill, scroll ou d\u00e9brief de ta soir\u00e9e : Coffee Place est l\u00e0 pour toi.<\/p><p data-start=\"2020\" data-end=\"2123\">Pas de blabla compliqu\u00e9. Juste du bon, du beau, du chaud.<br data-start=\"2077\" data-end=\"2080\" \/>Et une ambiance qui donne envie de dire :<\/p><blockquote data-start=\"2124\" data-end=\"2152\"><p data-start=\"2126\" data-end=\"2152\">\u201cAllez, j\u2019reviens demain.\u201d<\/p><\/blockquote>\t\t\t\t\t\t\t\t<\/div>\n\t\t\t\t<\/div>\n\t\t\t\t\t<\/div>\n\t\t\t\t<\/div>\n\t\t\t\t<\/div>\n\t\t","protected":false},"excerpt":{"rendered":"<p>Bienvenue chez Coffee Place : le caf\u00e9 qui a du pep\u2019s (et du go\u00fbt) Tu connais ce moment o\u00f9 t\u2019as juste besoin d\u2019un break. Pas un truc triste et silencieux. Non. Un vrai moment. Celui qui sent bon le caf\u00e9 chaud, le lait mousseux, le cookie tout juste sorti du four et&#8230; le matcha (oui, on pense aussi \u00e0 toi, l\u2019ami green). Bienvenue chez\u00a0Coffee Place. \u00a0 Tu connais ce moment o\u00f9 t\u2019as juste besoin d\u2019un break. Pas un truc triste et silencieux. Non. Un vrai moment. Celui qui sent bon le caf\u00e9 chaud, le lait mousseux, le cookie tout juste sorti du four et&#8230; le matcha (oui, on pense aussi \u00e0 toi, l\u2019ami green). Bienvenue chez Coffee Place. Pas juste un caf\u00e9, une bonne raison de faire une pause Ici, tu ne viens pas juste pour boire un truc chaud.Tu viens pour : Papoter vite fait\u2026 puis rester une heure (ou deux) Go\u00fbter \u00e0 nos boissons comme tu ferais un tour du monde sensoriel Retrouver ton \u00e9nergie sans exploser ta bo\u00eete mail Coffee Place, c\u2019est ce petit coin de chaleur dans ta journ\u00e9e.Celui o\u00f9 tu retrouves ton go\u00fbt des choses simples et savoureuses.Et si tu veux bosser ou r\u00e9viser : on a le wifi, les prises, et les vibes. Du caf\u00e9, du lait, du matcha\u2026 et une explosion de couleurs Tu l\u2019as peut-\u00eatre vu dans nos visuels : on aime les couleurs qui splashent.C\u2019est un peu comme notre carte : Caf\u00e9 intense (court, long, latte, comme tu veux) Lait cr\u00e9meux (v\u00e9g\u00e9tal ou vache, on ne juge pas) Matcha vibrant (oui, c\u2019est vert, et oui c\u2019est d\u00e9licieux) Et on a aussi ce truc qu\u2019on ne peut pas vraiment \u00e9crire\u2026Mais tu le sens quand tu passes la porte : la bonne \u00e9nergie. Et on mange quoi avec \u00e7a ? Pas de caf\u00e9 sans copain : Cookies moelleux Muffins dodus Banana bread (parce que oui) Et quelques surprises selon l\u2019humeur du jour Tout est fait maison, toujours avec amour (\u00e7a c\u2019est s\u00fbr). Viens comme t\u2019es. Et reviens comme tu veux. Que tu sois matinal ou plut\u00f4t team \u201capr\u00e8s-midi prolong\u00e9e\u201d,que tu bosses, chill, scroll ou d\u00e9brief de ta soir\u00e9e : Coffee Place est l\u00e0 pour toi. Pas de blabla compliqu\u00e9. Juste du bon, du beau, du chaud.Et une ambiance qui donne envie de dire : \u201cAllez, j\u2019reviens demain.\u201d<\/p>\n","protected":false},"author":1,"featured_media":6811,"parent":0,"menu_order":0,"comment_status":"closed","ping_status":"closed","template":"page-templates\/full-width-builder-bb.php","meta":{"footnotes":""},"class_list":["post-5574","page","type-page","status-publish","has-post-thumbnail","hentry"],"featured_media_urls":{"thumbnail":["https:\/\/ateliers-sdp.com\/upec_04_2025\/wp-content\/uploads\/2025\/06\/ChatGPT-Image-23-juin-2025-16_15_50-150x150.png",150,150,true],"medium":["https:\/\/ateliers-sdp.com\/upec_04_2025\/wp-content\/uploads\/2025\/06\/ChatGPT-Image-23-juin-2025-16_15_50-300x300.png",300,300,true],"medium_large":["https:\/\/ateliers-sdp.com\/upec_04_2025\/wp-content\/uploads\/2025\/06\/ChatGPT-Image-23-juin-2025-16_15_50.png",768,768,false],"large":["https:\/\/ateliers-sdp.com\/upec_04_2025\/wp-content\/uploads\/2025\/06\/ChatGPT-Image-23-juin-2025-16_15_50.png",950,950,false],"1536x1536":["https:\/\/ateliers-sdp.com\/upec_04_2025\/wp-content\/uploads\/2025\/06\/ChatGPT-Image-23-juin-2025-16_15_50.png",1024,1024,false],"2048x2048":["https:\/\/ateliers-sdp.com\/upec_04_2025\/wp-content\/uploads\/2025\/06\/ChatGPT-Image-23-juin-2025-16_15_50.png",1024,1024,false],"inspiro-featured-image":["https:\/\/ateliers-sdp.com\/upec_04_2025\/wp-content\/uploads\/2025\/06\/ChatGPT-Image-23-juin-2025-16_15_50.png",1024,1024,false],"inspiro-loop":["https:\/\/ateliers-sdp.com\/upec_04_2025\/wp-content\/uploads\/2025\/06\/ChatGPT-Image-23-juin-2025-16_15_50-950x320.png",950,320,true],"inspiro-loop@2x":["https:\/\/ateliers-sdp.com\/upec_04_2025\/wp-content\/uploads\/2025\/06\/ChatGPT-Image-23-juin-2025-16_15_50-1024x640.png",1024,640,true],"portfolio_item-thumbnail":["https:\/\/ateliers-sdp.com\/upec_04_2025\/wp-content\/uploads\/2025\/06\/ChatGPT-Image-23-juin-2025-16_15_50-600x400.png",600,400,true],"portfolio_item-thumbnail@2x":["https:\/\/ateliers-sdp.com\/upec_04_2025\/wp-content\/uploads\/2025\/06\/ChatGPT-Image-23-juin-2025-16_15_50-1024x800.png",1024,800,true],"portfolio_item-masonry":["https:\/\/ateliers-sdp.com\/upec_04_2025\/wp-content\/uploads\/2025\/06\/ChatGPT-Image-23-juin-2025-16_15_50-600x600.png",600,600,true],"portfolio_item-masonry@2x":["https:\/\/ateliers-sdp.com\/upec_04_2025\/wp-content\/uploads\/2025\/06\/ChatGPT-Image-23-juin-2025-16_15_50.png",1024,1024,false],"portfolio_item-thumbnail_cinema":["https:\/\/ateliers-sdp.com\/upec_04_2025\/wp-content\/uploads\/2025\/06\/ChatGPT-Image-23-juin-2025-16_15_50-800x335.png",800,335,true],"portfolio_item-thumbnail_portrait":["https:\/\/ateliers-sdp.com\/upec_04_2025\/wp-content\/uploads\/2025\/06\/ChatGPT-Image-23-juin-2025-16_15_50-600x900.png",600,900,true],"portfolio_item-thumbnail_portrait@2x":["https:\/\/ateliers-sdp.com\/upec_04_2025\/wp-content\/uploads\/2025\/06\/ChatGPT-Image-23-juin-2025-16_15_50.png",1024,1024,false],"portfolio_item-thumbnail_square":["https:\/\/ateliers-sdp.com\/upec_04_2025\/wp-content\/uploads\/2025\/06\/ChatGPT-Image-23-juin-2025-16_15_50-800x800.png",800,800,true]},"_links":{"self":[{"href":"https:\/\/ateliers-sdp.com\/upec_04_2025\/wp-json\/wp\/v2\/pages\/5574","targetHints":{"allow":["GET"]}}],"collection":[{"href":"https:\/\/ateliers-sdp.com\/upec_04_2025\/wp-json\/wp\/v2\/pages"}],"about":[{"href":"https:\/\/ateliers-sdp.com\/upec_04_2025\/wp-json\/wp\/v2\/types\/page"}],"author":[{"embeddable":true,"href":"https:\/\/ateliers-sdp.com\/upec_04_2025\/wp-json\/wp\/v2\/users\/1"}],"replies":[{"embeddable":true,"href":"https:\/\/ateliers-sdp.com\/upec_04_2025\/wp-json\/wp\/v2\/comments?post=5574"}],"version-history":[{"count":12,"href":"https:\/\/ateliers-sdp.com\/upec_04_2025\/wp-json\/wp\/v2\/pages\/5574\/revisions"}],"predecessor-version":[{"id":6838,"href":"https:\/\/ateliers-sdp.com\/upec_04_2025\/wp-json\/wp\/v2\/pages\/5574\/revisions\/6838"}],"wp:featuredmedia":[{"embeddable":true,"href":"https:\/\/ateliers-sdp.com\/upec_04_2025\/wp-json\/wp\/v2\/media\/6811"}],"wp:attachment":[{"href":"https:\/\/ateliers-sdp.com\/upec_04_2025\/wp-json\/wp\/v2\/media?parent=5574"}],"curies":[{"name":"wp","href":"https:\/\/api.w.org\/{rel}","templated":true}]}}