{"id":6885,"date":"2025-08-01T05:46:26","date_gmt":"2025-08-01T03:46:26","guid":{"rendered":"https:\/\/ateliers-sdp.com\/upec_05_2025\/?page_id=6885"},"modified":"2025-08-03T05:35:42","modified_gmt":"2025-08-03T03:35:42","slug":"a-propos","status":"publish","type":"page","link":"https:\/\/ateliers-sdp.com\/upec_05_2025\/a-propos\/","title":{"rendered":""},"content":{"rendered":"\t\t<div data-elementor-type=\"wp-page\" data-elementor-id=\"6885\" class=\"elementor elementor-6885\">\n\t\t\t\t<div class=\"elementor-element elementor-element-253185c e-flex e-con-boxed wpr-particle-no wpr-jarallax-no wpr-parallax-no wpr-sticky-section-no e-con e-parent\" data-id=\"253185c\" data-element_type=\"container\">\n\t\t\t\t\t<div class=\"e-con-inner\">\n\t\t\t\t<div class=\"elementor-element elementor-element-d59bf88 elementor-invisible elementor-widget elementor-widget-heading\" data-id=\"d59bf88\" data-element_type=\"widget\" data-settings=\"{&quot;_animation&quot;:&quot;fadeInUp&quot;}\" data-widget_type=\"heading.default\">\n\t\t\t\t<div class=\"elementor-widget-container\">\n\t\t\t\t\t<h2 class=\"elementor-heading-title elementor-size-default\"><a href=\"https:\/\/ateliers-sdp.com\/upec_05_2025\/a-propos\/\">A PROPOS<\/a><\/h2>\t\t\t\t<\/div>\n\t\t\t\t<\/div>\n\t\t\t\t\t<\/div>\n\t\t\t\t<\/div>\n\t\t<div class=\"elementor-element elementor-element-a6234d5 e-flex e-con-boxed wpr-particle-no wpr-jarallax-no wpr-parallax-no wpr-sticky-section-no e-con e-parent\" data-id=\"a6234d5\" data-element_type=\"container\">\n\t\t\t\t\t<div class=\"e-con-inner\">\n\t\t\t\t<div class=\"elementor-element elementor-element-b36688d elementor-invisible elementor-widget elementor-widget-image\" data-id=\"b36688d\" data-element_type=\"widget\" data-settings=\"{&quot;_animation&quot;:&quot;fadeInUp&quot;}\" data-widget_type=\"image.default\">\n\t\t\t\t<div class=\"elementor-widget-container\">\n\t\t\t\t\t\t\t\t\t\t\t\t\t\t\t<img fetchpriority=\"high\" decoding=\"async\" width=\"512\" height=\"512\" src=\"https:\/\/ateliers-sdp.com\/upec_05_2025\/wp-content\/uploads\/2025\/06\/cropped-cropped-1Fichier-3.png\" class=\"attachment-large size-large wp-image-6840\" alt=\"\" srcset=\"https:\/\/ateliers-sdp.com\/upec_05_2025\/wp-content\/uploads\/2025\/06\/cropped-cropped-1Fichier-3.png 512w, https:\/\/ateliers-sdp.com\/upec_05_2025\/wp-content\/uploads\/2025\/06\/cropped-cropped-1Fichier-3-300x300.png 300w, https:\/\/ateliers-sdp.com\/upec_05_2025\/wp-content\/uploads\/2025\/06\/cropped-cropped-1Fichier-3-150x150.png 150w, https:\/\/ateliers-sdp.com\/upec_05_2025\/wp-content\/uploads\/2025\/06\/cropped-cropped-1Fichier-3-270x270.png 270w, https:\/\/ateliers-sdp.com\/upec_05_2025\/wp-content\/uploads\/2025\/06\/cropped-cropped-1Fichier-3-192x192.png 192w, https:\/\/ateliers-sdp.com\/upec_05_2025\/wp-content\/uploads\/2025\/06\/cropped-cropped-1Fichier-3-180x180.png 180w, https:\/\/ateliers-sdp.com\/upec_05_2025\/wp-content\/uploads\/2025\/06\/cropped-cropped-1Fichier-3-32x32.png 32w\" sizes=\"100vw\" \/>\t\t\t\t\t\t\t\t\t\t\t\t\t\t\t<\/div>\n\t\t\t\t<\/div>\n\t\t\t\t\t<\/div>\n\t\t\t\t<\/div>\n\t\t<div class=\"elementor-element elementor-element-3e8f585 e-con-full e-flex wpr-particle-no wpr-jarallax-no wpr-parallax-no wpr-sticky-section-no e-con e-parent\" data-id=\"3e8f585\" data-element_type=\"container\">\n\t\t\t\t<div class=\"elementor-element elementor-element-d7f34cc elementor-widget elementor-widget-spacer\" data-id=\"d7f34cc\" data-element_type=\"widget\" data-widget_type=\"spacer.default\">\n\t\t\t\t<div class=\"elementor-widget-container\">\n\t\t\t\t\t\t\t<div class=\"elementor-spacer\">\n\t\t\t<div class=\"elementor-spacer-inner\"><\/div>\n\t\t<\/div>\n\t\t\t\t\t\t<\/div>\n\t\t\t\t<\/div>\n\t\t\t\t<\/div>\n\t\t<div class=\"elementor-element elementor-element-28ad5bd e-con-full e-flex wpr-particle-no wpr-jarallax-no wpr-parallax-no wpr-sticky-section-no e-con e-parent\" data-id=\"28ad5bd\" data-element_type=\"container\">\n\t\t\t\t<div class=\"elementor-element elementor-element-50036e1 elementor-invisible elementor-widget elementor-widget-text-editor\" data-id=\"50036e1\" data-element_type=\"widget\" data-settings=\"{&quot;_animation&quot;:&quot;fadeInUp&quot;}\" data-widget_type=\"text-editor.default\">\n\t\t\t\t<div class=\"elementor-widget-container\">\n\t\t\t\t\t\t\t\t\t<p><strong>Mido Records<\/strong>, c\u2019est bien plus qu\u2019un simple site : c\u2019est le rep\u00e8re de la culture rap en \u00c9gypte. Si t\u2019es passionn\u00e9 de hip-hop, que t\u2019as grandi avec les sons qui cognent, les lyrics qui frappent fort et les prods qui te retournent le cr\u00e2ne, t\u2019es au bon endroit.<\/p><p>Fond\u00e9 en <strong>2018<\/strong> par <strong>Mohamed A.<\/strong>, un passionn\u00e9 franco-\u00e9gyptien berc\u00e9 entre les vibes du Caire et les sons de Paris, Mido Records est n\u00e9 d\u2019un amour profond pour le rap, la culture urbaine et le besoin de donner une vraie visibilit\u00e9 \u00e0 la sc\u00e8ne locale.<\/p><p>On est l\u00e0 pour mettre en avant la sc\u00e8ne rap \u00e9gyptienne, dans toute sa richesse et sa diversit\u00e9. Que tu sois branch\u00e9 trap, boom bap, drill, old school ou rap conscient, on te parle de tout :<\/p><p>\u2192 Les derni\u00e8res sorties et clips<\/p><p>\u2192 Les actus chaudes du game<\/p><p>\u2192 Des interviews et des portraits de rappeurs qui font bouger la sc\u00e8ne<\/p><p>\u2192 Des dossiers sp\u00e9ciaux sur l\u2019histoire du rap \u00e9gyptien et ses nouvelles vibes<\/p><p>Chez <strong>Mido Records<\/strong>, on ne joue pas les puristes ferm\u00e9s ni les suiveurs. On est des vrais passionn\u00e9s, connect\u00e9s au terrain, \u00e0 la rue, aux studios, aux open mics, aux lives, et aux fans. On suit les artistes qui montent, on donne de la force \u00e0 ceux qui d\u00e9marrent, et on n\u2019oublie jamais ceux qui ont ouvert la voie.<\/p><p>Le rap, ici, c\u2019est pas juste de la musique. C\u2019est un moyen de s\u2019exprimer, de d\u00e9noncer, de raconter la vraie vie. Et nous, on est l\u00e0 pour amplifier ces voix, pour documenter cette culture en constante \u00e9volution, pour repr\u00e9senter.<\/p><p><strong><i>Le son du bled. Le c\u0153ur du rap \u00e9gyptien. Le m\u00e9dia qui capte la vibe.<\/i><\/strong><\/p>\t\t\t\t\t\t\t\t<\/div>\n\t\t\t\t<\/div>\n\t\t\t\t<\/div>\n\t\t<div class=\"elementor-element elementor-element-670dc6f e-con-full e-flex wpr-particle-no wpr-jarallax-no wpr-parallax-no wpr-sticky-section-no e-con e-parent\" data-id=\"670dc6f\" data-element_type=\"container\">\n\t\t\t\t<div class=\"elementor-element elementor-element-a41bf4a elementor-widget elementor-widget-spacer\" data-id=\"a41bf4a\" data-element_type=\"widget\" data-widget_type=\"spacer.default\">\n\t\t\t\t<div class=\"elementor-widget-container\">\n\t\t\t\t\t\t\t<div class=\"elementor-spacer\">\n\t\t\t<div class=\"elementor-spacer-inner\"><\/div>\n\t\t<\/div>\n\t\t\t\t\t\t<\/div>\n\t\t\t\t<\/div>\n\t\t\t\t<\/div>\n\t\t\t\t<\/div>\n\t\t","protected":false},"excerpt":{"rendered":"<p>A PROPOS Mido Records, c\u2019est bien plus qu\u2019un simple site : c\u2019est le rep\u00e8re de la culture rap en \u00c9gypte. Si t\u2019es passionn\u00e9 de hip-hop, que t\u2019as grandi avec les sons qui cognent, les lyrics qui frappent fort et les prods qui te retournent le cr\u00e2ne, t\u2019es au bon endroit. Fond\u00e9 en 2018 par Mohamed A., un passionn\u00e9 franco-\u00e9gyptien berc\u00e9 entre les vibes du Caire et les sons de Paris, Mido Records est n\u00e9 d\u2019un amour profond pour le rap, la culture urbaine et le besoin de donner une vraie visibilit\u00e9 \u00e0 la sc\u00e8ne locale. On est l\u00e0 pour mettre en avant la sc\u00e8ne rap \u00e9gyptienne, dans toute sa richesse et sa diversit\u00e9. Que tu sois branch\u00e9 trap, boom bap, drill, old school ou rap conscient, on te parle de tout : \u2192 Les derni\u00e8res sorties et clips \u2192 Les actus chaudes du game \u2192 Des interviews et des portraits de rappeurs qui font bouger la sc\u00e8ne \u2192 Des dossiers sp\u00e9ciaux sur l\u2019histoire du rap \u00e9gyptien et ses nouvelles vibes Chez Mido Records, on ne joue pas les puristes ferm\u00e9s ni les suiveurs. On est des vrais passionn\u00e9s, connect\u00e9s au terrain, \u00e0 la rue, aux studios, aux open mics, aux lives, et aux fans. On suit les artistes qui montent, on donne de la force \u00e0 ceux qui d\u00e9marrent, et on n\u2019oublie jamais ceux qui ont ouvert la voie. Le rap, ici, c\u2019est pas juste de la musique. C\u2019est un moyen de s\u2019exprimer, de d\u00e9noncer, de raconter la vraie vie. Et nous, on est l\u00e0 pour amplifier ces voix, pour documenter cette culture en constante \u00e9volution, pour repr\u00e9senter. Le son du bled. Le c\u0153ur du rap \u00e9gyptien. Le m\u00e9dia qui capte la vibe.<\/p>\n","protected":false},"author":1,"featured_media":0,"parent":0,"menu_order":0,"comment_status":"closed","ping_status":"closed","template":"","meta":{"footnotes":""},"class_list":["post-6885","page","type-page","status-publish","hentry"],"featured_media_urls":[],"_links":{"self":[{"href":"https:\/\/ateliers-sdp.com\/upec_05_2025\/wp-json\/wp\/v2\/pages\/6885","targetHints":{"allow":["GET"]}}],"collection":[{"href":"https:\/\/ateliers-sdp.com\/upec_05_2025\/wp-json\/wp\/v2\/pages"}],"about":[{"href":"https:\/\/ateliers-sdp.com\/upec_05_2025\/wp-json\/wp\/v2\/types\/page"}],"author":[{"embeddable":true,"href":"https:\/\/ateliers-sdp.com\/upec_05_2025\/wp-json\/wp\/v2\/users\/1"}],"replies":[{"embeddable":true,"href":"https:\/\/ateliers-sdp.com\/upec_05_2025\/wp-json\/wp\/v2\/comments?post=6885"}],"version-history":[{"count":35,"href":"https:\/\/ateliers-sdp.com\/upec_05_2025\/wp-json\/wp\/v2\/pages\/6885\/revisions"}],"predecessor-version":[{"id":7124,"href":"https:\/\/ateliers-sdp.com\/upec_05_2025\/wp-json\/wp\/v2\/pages\/6885\/revisions\/7124"}],"wp:attachment":[{"href":"https:\/\/ateliers-sdp.com\/upec_05_2025\/wp-json\/wp\/v2\/media?parent=6885"}],"curies":[{"name":"wp","href":"https:\/\/api.w.org\/{rel}","templated":true}]}}